{"id":31,"date":"2020-02-23T15:07:39","date_gmt":"2020-02-23T15:07:39","guid":{"rendered":"http:\/\/localhost:8888\/?page_id=31"},"modified":"2026-03-01T23:08:20","modified_gmt":"2026-03-01T23:08:20","slug":"home","status":"publish","type":"page","link":"https:\/\/www.midori.lu\/lb\/","title":{"rendered":"Home"},"content":{"rendered":"<p>2012 gegr\u00ebnnt, ass Midori eng digital Agentur mat S\u00ebtz zu L\u00ebtzebuerg, d\u00e9i sech op Webentw\u00e9cklung an Webdesign fir Institutiounen a Organisatiounen spezialis\u00e9iert.<\/p>\n<p>All Projet g\u00ebtt mat enger laangfristeger Visoun, multilingualem Verst\u00e4ndnis a technescher Pr\u00e4zisioun entworf \u2014 entw\u00e9ckelt a enk Zesummenaarbecht mat eise Clienten, vun der Strategie bis zur \u00cbmsetzung.<\/p>","protected":false},"excerpt":{"rendered":"<p>2012 gegr\u00ebnnt, ass Midori eng digital Agentur mat S\u00ebtz zu L\u00ebtzebuerg, d\u00e9i sech op Webentw\u00e9cklung an Webdesign fir Institutiounen a Organisatiounen spezialis\u00e9iert. All Projet g\u00ebtt mat enger laangfristeger Visoun, multilingualem Verst\u00e4ndnis a technescher Pr\u00e4zisioun entworf \u2014 entw\u00e9ckelt a enk Zesummenaarbecht mat eise Clienten, vun der Strategie bis zur \u00cbmsetzung.<\/p>\n","protected":false},"author":1,"featured_media":0,"parent":0,"menu_order":0,"comment_status":"closed","ping_status":"closed","template":"template-home2.php","meta":{"_acf_changed":false,"footnotes":""},"class_list":["post-31","page","type-page","status-publish","hentry"],"acf":[],"yoast_head":"<!-- This site is optimized with the Yoast SEO plugin v27.1.1 - https:\/\/yoast.com\/product\/yoast-seo-wordpress\/ -->\n<title>Home - Midori<\/title>\n<meta name=\"description\" content=\"A mint of creativity. We are a creative studio based in Steinsel.\" \/>\n<meta name=\"robots\" content=\"index, follow, max-snippet:-1, max-image-preview:large, max-video-preview:-1\" \/>\n<link rel=\"canonical\" href=\"https:\/\/www.midori.lu\/lb\/\" \/>\n<meta property=\"og:locale\" content=\"en_US\" \/>\n<meta property=\"og:type\" content=\"article\" \/>\n<meta property=\"og:title\" content=\"Home - Midori\" \/>\n<meta property=\"og:description\" content=\"A mint of creativity. We are a creative studio based in Steinsel.\" \/>\n<meta property=\"og:url\" content=\"https:\/\/www.midori.lu\/lb\/\" \/>\n<meta property=\"og:site_name\" content=\"Midori\" \/>\n<meta property=\"article:modified_time\" content=\"2026-03-01T23:08:20+00:00\" \/>\n<meta name=\"twitter:card\" content=\"summary_large_image\" \/>\n<meta name=\"twitter:label1\" content=\"Est. reading time\" \/>\n\t<meta name=\"twitter:data1\" content=\"1 minute\" \/>\n<script type=\"application\/ld+json\" class=\"yoast-schema-graph\">{\"@context\":\"https:\/\/schema.org\",\"@graph\":[{\"@type\":\"WebPage\",\"@id\":\"https:\/\/www.midori.lu\/lb\/\",\"url\":\"https:\/\/www.midori.lu\/lb\/\",\"name\":\"Home - Midori\",\"isPartOf\":{\"@id\":\"https:\/\/www.midori.lu\/lb\/#website\"},\"datePublished\":\"2020-02-23T15:07:39+00:00\",\"dateModified\":\"2026-03-01T23:08:20+00:00\",\"description\":\"A mint of creativity. We are a creative studio based in Steinsel.\",\"breadcrumb\":{\"@id\":\"https:\/\/www.midori.lu\/lb\/#breadcrumb\"},\"inLanguage\":\"lb-LU\",\"potentialAction\":[{\"@type\":\"ReadAction\",\"target\":[[\"https:\/\/www.midori.lu\/lb\/\"]]}]},{\"@type\":\"BreadcrumbList\",\"@id\":\"https:\/\/www.midori.lu\/lb\/#breadcrumb\",\"itemListElement\":[{\"@type\":\"ListItem\",\"position\":1,\"name\":\"Home\",\"item\":\"https:\/\/www.midori.lu\/lb\/\"},{\"@type\":\"ListItem\",\"position\":2,\"name\":\"Home\"}]},{\"@type\":\"WebSite\",\"@id\":\"https:\/\/www.midori.lu\/lb\/#website\",\"url\":\"https:\/\/www.midori.lu\/lb\/\",\"name\":\"Midori\",\"description\":\"Creative Studio\",\"publisher\":{\"@id\":\"https:\/\/www.midori.lu\/lb\/#organization\"},\"potentialAction\":[{\"@type\":\"SearchAction\",\"target\":{\"@type\":\"EntryPoint\",\"urlTemplate\":\"https:\/\/www.midori.lu\/lb\/?s={search_term_string}\"},\"query-input\":{\"@type\":\"PropertyValueSpecification\",\"valueRequired\":true,\"valueName\":\"search_term_string\"}}],\"inLanguage\":\"lb-LU\"},{\"@type\":\"Organization\",\"@id\":\"https:\/\/www.midori.lu\/lb\/#organization\",\"name\":\"Midori\",\"url\":\"https:\/\/www.midori.lu\/lb\/\",\"logo\":{\"@type\":\"ImageObject\",\"inLanguage\":\"lb-LU\",\"@id\":\"https:\/\/www.midori.lu\/lb\/#\/schema\/logo\/image\/\",\"url\":\"https:\/\/www.midori.lu\/wp-content\/uploads\/2026\/02\/logo-d.png\",\"contentUrl\":\"https:\/\/www.midori.lu\/wp-content\/uploads\/2026\/02\/logo-d.png\",\"width\":498,\"height\":101,\"caption\":\"Midori\"},\"image\":{\"@id\":\"https:\/\/www.midori.lu\/lb\/#\/schema\/logo\/image\/\"}}]}<\/script>\n<!-- \/ Yoast SEO plugin. -->","yoast_head_json":{"title":"Home - Midori","description":"A mint of creativity. We are a creative studio based in Steinsel.","robots":{"index":"index","follow":"follow","max-snippet":"max-snippet:-1","max-image-preview":"max-image-preview:large","max-video-preview":"max-video-preview:-1"},"canonical":"https:\/\/www.midori.lu\/lb\/","og_locale":"en_US","og_type":"article","og_title":"Home - Midori","og_description":"A mint of creativity. We are a creative studio based in Steinsel.","og_url":"https:\/\/www.midori.lu\/lb\/","og_site_name":"Midori","article_modified_time":"2026-03-01T23:08:20+00:00","twitter_card":"summary_large_image","twitter_misc":{"Est. reading time":"1 minute"},"schema":{"@context":"https:\/\/schema.org","@graph":[{"@type":"WebPage","@id":"https:\/\/www.midori.lu\/lb\/","url":"https:\/\/www.midori.lu\/lb\/","name":"Home - Midori","isPartOf":{"@id":"https:\/\/www.midori.lu\/lb\/#website"},"datePublished":"2020-02-23T15:07:39+00:00","dateModified":"2026-03-01T23:08:20+00:00","description":"A mint of creativity. We are a creative studio based in Steinsel.","breadcrumb":{"@id":"https:\/\/www.midori.lu\/lb\/#breadcrumb"},"inLanguage":"lb-LU","potentialAction":[{"@type":"ReadAction","target":[["https:\/\/www.midori.lu\/lb\/"]]}]},{"@type":"BreadcrumbList","@id":"https:\/\/www.midori.lu\/lb\/#breadcrumb","itemListElement":[{"@type":"ListItem","position":1,"name":"Home","item":"https:\/\/www.midori.lu\/lb\/"},{"@type":"ListItem","position":2,"name":"Home"}]},{"@type":"WebSite","@id":"https:\/\/www.midori.lu\/lb\/#website","url":"https:\/\/www.midori.lu\/lb\/","name":"Midori","description":"Creative Studio","publisher":{"@id":"https:\/\/www.midori.lu\/lb\/#organization"},"potentialAction":[{"@type":"SearchAction","target":{"@type":"EntryPoint","urlTemplate":"https:\/\/www.midori.lu\/lb\/?s={search_term_string}"},"query-input":{"@type":"PropertyValueSpecification","valueRequired":true,"valueName":"search_term_string"}}],"inLanguage":"lb-LU"},{"@type":"Organization","@id":"https:\/\/www.midori.lu\/lb\/#organization","name":"Midori","url":"https:\/\/www.midori.lu\/lb\/","logo":{"@type":"ImageObject","inLanguage":"lb-LU","@id":"https:\/\/www.midori.lu\/lb\/#\/schema\/logo\/image\/","url":"https:\/\/www.midori.lu\/wp-content\/uploads\/2026\/02\/logo-d.png","contentUrl":"https:\/\/www.midori.lu\/wp-content\/uploads\/2026\/02\/logo-d.png","width":498,"height":101,"caption":"Midori"},"image":{"@id":"https:\/\/www.midori.lu\/lb\/#\/schema\/logo\/image\/"}}]}},"_links":{"self":[{"href":"https:\/\/www.midori.lu\/lb\/wp-json\/wp\/v2\/pages\/31","targetHints":{"allow":["GET"]}}],"collection":[{"href":"https:\/\/www.midori.lu\/lb\/wp-json\/wp\/v2\/pages"}],"about":[{"href":"https:\/\/www.midori.lu\/lb\/wp-json\/wp\/v2\/types\/page"}],"author":[{"embeddable":true,"href":"https:\/\/www.midori.lu\/lb\/wp-json\/wp\/v2\/users\/1"}],"replies":[{"embeddable":true,"href":"https:\/\/www.midori.lu\/lb\/wp-json\/wp\/v2\/comments?post=31"}],"version-history":[{"count":37,"href":"https:\/\/www.midori.lu\/lb\/wp-json\/wp\/v2\/pages\/31\/revisions"}],"predecessor-version":[{"id":649,"href":"https:\/\/www.midori.lu\/lb\/wp-json\/wp\/v2\/pages\/31\/revisions\/649"}],"wp:attachment":[{"href":"https:\/\/www.midori.lu\/lb\/wp-json\/wp\/v2\/media?parent=31"}],"curies":[{"name":"wp","href":"https:\/\/api.w.org\/{rel}","templated":true}]}}